{"id":377,"date":"2013-02-11T08:26:48","date_gmt":"2013-02-11T08:26:48","guid":{"rendered":"http:\/\/www.themes.red-sun-design.com\/lemonchili\/?page_id=377"},"modified":"2021-06-20T11:56:49","modified_gmt":"2021-06-20T11:56:49","slug":"contact","status":"publish","type":"page","link":"https:\/\/cnss.se\/clinic4Life\/contact\/","title":{"rendered":"Adresser och kontakt"},"content":{"rendered":"<p>\u00a0<\/p>\n<p style=\"text-align: center;\"><div class=\"one_third\"><\/p>\n<h6 style=\"text-align: center;\">OLSKROKEN<\/h6>\n<p style=\"text-align: center;\">DJURG\u00c5RDSGATAN 11B<br \/><\/div><\/p>\n<p style=\"text-align: center;\"><div class=\"one_third\"><\/p>\n<h6 style=\"text-align: center;\">MAJORNA<\/h6>\n<p style=\"text-align: center;\">LAGERSTR\u00d6MSPLATSEN 2<br \/><\/div><\/p>\n<p style=\"text-align: center;\"><div class=\"one_third last\"><\/p>\n<h6 style=\"text-align: center;\">Ring oss<\/h6>\n<p style=\"text-align: center;\">031 43 17 80<br \/><\/div>\r\n        <div class=\"clearboth\"><\/div><\/p>\n<p>Anv\u00e4nd kontaktformul\u00e4ret nedan f\u00f6r att skicka oss e-post:<\/p>\n<div role=\"form\" class=\"wpcf7\" id=\"wpcf7-f2488-o1\" lang=\"en-US\" dir=\"ltr\">\n<div class=\"screen-reader-response\"><p role=\"status\" aria-live=\"polite\" aria-atomic=\"true\"><\/p> <ul><\/ul><\/div>\n<form action=\"\/clinic4Life\/wp-json\/wp\/v2\/pages\/377#wpcf7-f2488-o1\" method=\"post\" class=\"wpcf7-form init\" novalidate=\"novalidate\" data-status=\"init\">\n<div style=\"display: none;\">\n<input type=\"hidden\" name=\"_wpcf7\" value=\"2488\" \/>\n<input type=\"hidden\" name=\"_wpcf7_version\" value=\"5.4.2\" \/>\n<input type=\"hidden\" name=\"_wpcf7_locale\" value=\"en_US\" \/>\n<input type=\"hidden\" name=\"_wpcf7_unit_tag\" value=\"wpcf7-f2488-o1\" \/>\n<input type=\"hidden\" name=\"_wpcf7_container_post\" value=\"0\" \/>\n<input type=\"hidden\" name=\"_wpcf7_posted_data_hash\" value=\"\" \/>\n<\/div>\n<p><label> Your Name (required)<br \/>\n    <span class=\"wpcf7-form-control-wrap your-name\"><input type=\"text\" name=\"your-name\" value=\"\" size=\"40\" class=\"wpcf7-form-control wpcf7-text wpcf7-validates-as-required\" aria-required=\"true\" aria-invalid=\"false\" \/><\/span> <\/label><\/p>\n<p><label> Your Email (required)<br \/>\n    <span class=\"wpcf7-form-control-wrap your-email\"><input type=\"email\" name=\"your-email\" value=\"\" size=\"40\" class=\"wpcf7-form-control wpcf7-text wpcf7-email wpcf7-validates-as-required wpcf7-validates-as-email\" aria-required=\"true\" aria-invalid=\"false\" \/><\/span> <\/label><\/p>\n<p><label> Subject<br \/>\n    <span class=\"wpcf7-form-control-wrap your-subject\"><input type=\"text\" name=\"your-subject\" value=\"\" size=\"40\" class=\"wpcf7-form-control wpcf7-text\" aria-invalid=\"false\" \/><\/span> <\/label><\/p>\n<p><label> Your Message<br \/>\n    <span class=\"wpcf7-form-control-wrap your-message\"><textarea name=\"your-message\" cols=\"40\" rows=\"10\" class=\"wpcf7-form-control wpcf7-textarea\" aria-invalid=\"false\"><\/textarea><\/span> <\/label><\/p>\n<p><input type=\"submit\" value=\"Send\" class=\"wpcf7-form-control wpcf7-submit\" \/><\/p>\n<div class=\"wpcf7-response-output\" aria-hidden=\"true\"><\/div><\/form><\/div>\n","protected":false},"excerpt":{"rendered":"<p>\u00a0 Anv\u00e4nd kontaktformul\u00e4ret nedan f\u00f6r att skicka oss e-post:<\/p>\n","protected":false},"author":1,"featured_media":0,"parent":0,"menu_order":0,"comment_status":"closed","ping_status":"open","template":"","meta":{"footnotes":""},"class_list":["post-377","page","type-page","status-publish","hentry"],"_links":{"self":[{"href":"https:\/\/cnss.se\/clinic4Life\/wp-json\/wp\/v2\/pages\/377","targetHints":{"allow":["GET"]}}],"collection":[{"href":"https:\/\/cnss.se\/clinic4Life\/wp-json\/wp\/v2\/pages"}],"about":[{"href":"https:\/\/cnss.se\/clinic4Life\/wp-json\/wp\/v2\/types\/page"}],"author":[{"embeddable":true,"href":"https:\/\/cnss.se\/clinic4Life\/wp-json\/wp\/v2\/users\/1"}],"replies":[{"embeddable":true,"href":"https:\/\/cnss.se\/clinic4Life\/wp-json\/wp\/v2\/comments?post=377"}],"version-history":[{"count":33,"href":"https:\/\/cnss.se\/clinic4Life\/wp-json\/wp\/v2\/pages\/377\/revisions"}],"predecessor-version":[{"id":2675,"href":"https:\/\/cnss.se\/clinic4Life\/wp-json\/wp\/v2\/pages\/377\/revisions\/2675"}],"wp:attachment":[{"href":"https:\/\/cnss.se\/clinic4Life\/wp-json\/wp\/v2\/media?parent=377"}],"curies":[{"name":"wp","href":"https:\/\/api.w.org\/{rel}","templated":true}]}}