{"id":2728,"date":"2021-06-28T22:38:15","date_gmt":"2021-06-28T20:38:15","guid":{"rendered":"https:\/\/cnss.se\/clinic4Life\/?page_id=2728"},"modified":"2021-07-01T10:11:01","modified_gmt":"2021-07-01T08:11:01","slug":"boka-3","status":"publish","type":"page","link":"https:\/\/cnss.se\/clinic4Life\/boka-3\/","title":{"rendered":"Boka Behandlingspaket"},"content":{"rendered":"<p><\/p>\n<p>Lorem ipsum dolor sit amet, consectetur adipiscing elit. Ut elit tellus, luctus nec ullamcorper mattis, pulvinar dapibus leo.<\/p>\n<p><\/p>\n\n\n<p><\/p>\n\n\n\n<p class=\"has-small-font-size\">&nbsp;<div class=\"fat-sb-price-package column-3\" data-paypal=\"0\"\r\ndata-stripe=\"1\" data-myPOS=\"0\"\r\n     data-przelewy24=\"0\">\r\n            <div class=\"price-package-item\">\r\n            <div class=\"pk-thumbnail\">\r\n                                    <img decoding=\"async\" src=\"https:\/\/cnss.se\/clinic4Life\/media4life\/2021\/03\/labelle-sko\u0308nhetssalong-300x199.jpg\" title=\"Behandlingspaket 1\"\r\n                         alt=\"Behandlingspaket 1\">\r\n                            <\/div>\r\n            <h3 class=\"pk-name\">\r\n                Behandlingspaket 1            <\/h3>\r\n            <div class=\"pk-price-wrap\">\r\n                <span class=\"pk-price\">kr1,500 <\/span>\r\n                            <\/div>\r\n            <div class=\"pk-description\">\r\n                Boka behandlingspaket 1 inkl \u00e5terbes\u00f6k med 40% rabatt p\u00e5 alla behandlingar            <\/div>\r\n            <div class=\"pk-payment-method\">\r\n            <\/div>\r\n            <div class=\"pk-button-purchase\">\r\n                <a href=\"#\" class=\"fat-sb-select-package fat-bt\" data-onClick=\"FatSbPricePackageOrderFE.selectPackage\" data-pk-id=\"1\">\r\n                    V\u00e4lj                <\/a>\r\n                <a href=\"#\" class=\"fat-sb-payment-submit fat-bt\" data-onClick=\"FatSbPricePackageOrderFE.submitPayment\" data-pk-id=\"1\">\r\n                    Purchase                <\/a>\r\n            <\/div>\r\n        <\/div>\r\n            <div class=\"price-package-item\">\r\n            <div class=\"pk-thumbnail\">\r\n                                    <img decoding=\"async\" src=\"https:\/\/cnss.se\/clinic4Life\/media4life\/2021\/03\/Labell-salong-sko\u0308nhetsbehandling-brasiliansk-vaxning-fransar-och-o\u0308gonbryn-300x200.jpeg\" title=\"Behandlingspaket 2\"\r\n                         alt=\"Behandlingspaket 2\">\r\n                            <\/div>\r\n            <h3 class=\"pk-name\">\r\n                Behandlingspaket 2            <\/h3>\r\n            <div class=\"pk-price-wrap\">\r\n                <span class=\"pk-price\">kr1,300 <\/span>\r\n                            <\/div>\r\n            <div class=\"pk-description\">\r\n                Boka behandlingspaket 2 inkl \u00e5terbes\u00f6k 15min            <\/div>\r\n            <div class=\"pk-payment-method\">\r\n            <\/div>\r\n            <div class=\"pk-button-purchase\">\r\n                <a href=\"#\" class=\"fat-sb-select-package fat-bt\" data-onClick=\"FatSbPricePackageOrderFE.selectPackage\" data-pk-id=\"2\">\r\n                    V\u00e4lj                <\/a>\r\n                <a href=\"#\" class=\"fat-sb-payment-submit fat-bt\" data-onClick=\"FatSbPricePackageOrderFE.submitPayment\" data-pk-id=\"2\">\r\n                    Purchase                <\/a>\r\n            <\/div>\r\n        <\/div>\r\n            <div class=\"price-package-item\">\r\n            <div class=\"pk-thumbnail\">\r\n                                    <img decoding=\"async\" src=\"https:\/\/cnss.se\/clinic4Life\/media4life\/2021\/03\/Labelle-Go\u0308teborgs-ba\u0308sta-liten-sko\u0308nhetssalong-300x188.jpeg\" title=\"Behandlingspaket 3\"\r\n                         alt=\"Behandlingspaket 3\">\r\n                            <\/div>\r\n            <h3 class=\"pk-name\">\r\n                Behandlingspaket 3            <\/h3>\r\n            <div class=\"pk-price-wrap\">\r\n                <span class=\"pk-price\">kr1,000 <\/span>\r\n                            <\/div>\r\n            <div class=\"pk-description\">\r\n                Boka behandlingspaket 3 inkl \u00e5terbes\u00f6k 15            <\/div>\r\n            <div class=\"pk-payment-method\">\r\n            <\/div>\r\n            <div class=\"pk-button-purchase\">\r\n                <a href=\"#\" class=\"fat-sb-select-package fat-bt\" data-onClick=\"FatSbPricePackageOrderFE.selectPackage\" data-pk-id=\"3\">\r\n                    V\u00e4lj                <\/a>\r\n                <a href=\"#\" class=\"fat-sb-payment-submit fat-bt\" data-onClick=\"FatSbPricePackageOrderFE.submitPayment\" data-pk-id=\"3\">\r\n                    Purchase                <\/a>\r\n            <\/div>\r\n        <\/div>\r\n            <div class=\"price-package-item\">\r\n            <div class=\"pk-thumbnail\">\r\n                                    <img decoding=\"async\" src=\"https:\/\/cnss.se\/clinic4Life\/media4life\/2021\/03\/Labelle-salong-Go\u0308teborgs-Hudva\u030ard-och-ansiktsbehandling-300x150.jpeg\" title=\"K\u00f6p presentkort  Relax\"\r\n                         alt=\"K\u00f6p presentkort  Relax\">\r\n                            <\/div>\r\n            <h3 class=\"pk-name\">\r\n                K\u00f6p presentkort  Relax            <\/h3>\r\n            <div class=\"pk-price-wrap\">\r\n                <span class=\"pk-price\">kr2,500 <\/span>\r\n                            <\/div>\r\n            <div class=\"pk-description\">\r\n                Ge bort sk\u00f6nhetsbehandling till n\u00e5gon du tycker om, den som fyller \u00e5r eller till dig och din partner n\u00e4r ni beh\u00f6ver egen relax tid.            <\/div>\r\n            <div class=\"pk-payment-method\">\r\n            <\/div>\r\n            <div class=\"pk-button-purchase\">\r\n                <a href=\"#\" class=\"fat-sb-select-package fat-bt\" data-onClick=\"FatSbPricePackageOrderFE.selectPackage\" data-pk-id=\"4\">\r\n                    V\u00e4lj                <\/a>\r\n                <a href=\"#\" class=\"fat-sb-payment-submit fat-bt\" data-onClick=\"FatSbPricePackageOrderFE.submitPayment\" data-pk-id=\"4\">\r\n                    Purchase                <\/a>\r\n            <\/div>\r\n        <\/div>\r\n            <div class=\"price-package-item\">\r\n            <div class=\"pk-thumbnail\">\r\n                                    <img decoding=\"async\" src=\"https:\/\/cnss.se\/clinic4Life\/media4life\/2021\/03\/Labelle-salong-Go\u0308teborgs-Hudva\u030ard-och-ansiktsbehandling-300x150.jpeg\" title=\"K\u00f6p presentkort  Feel\"\r\n                         alt=\"K\u00f6p presentkort  Feel\">\r\n                            <\/div>\r\n            <h3 class=\"pk-name\">\r\n                K\u00f6p presentkort  Feel            <\/h3>\r\n            <div class=\"pk-price-wrap\">\r\n                <span class=\"pk-price\">kr1,800 <\/span>\r\n                            <\/div>\r\n            <div class=\"pk-description\">\r\n                Ge bort sk\u00f6nhetsbehandling till n\u00e5gon du tycker om, den som fyller \u00e5r eller till dig och din partner n\u00e4r ni beh\u00f6ver egen relax tid.            <\/div>\r\n            <div class=\"pk-payment-method\">\r\n            <\/div>\r\n            <div class=\"pk-button-purchase\">\r\n                <a href=\"#\" class=\"fat-sb-select-package fat-bt\" data-onClick=\"FatSbPricePackageOrderFE.selectPackage\" data-pk-id=\"5\">\r\n                    V\u00e4lj                <\/a>\r\n                <a href=\"#\" class=\"fat-sb-payment-submit fat-bt\" data-onClick=\"FatSbPricePackageOrderFE.submitPayment\" data-pk-id=\"5\">\r\n                    Purchase                <\/a>\r\n            <\/div>\r\n        <\/div>\r\n            <div class=\"price-package-item\">\r\n            <div class=\"pk-thumbnail\">\r\n                                    <img decoding=\"async\" src=\"https:\/\/cnss.se\/clinic4Life\/media4life\/2021\/03\/Labelle-salong-Go\u0308teborgs-Hudva\u030ard-och-ansiktsbehandling-300x150.jpeg\" title=\"K\u00f6p presentkort  Glow\"\r\n                         alt=\"K\u00f6p presentkort  Glow\">\r\n                            <\/div>\r\n            <h3 class=\"pk-name\">\r\n                K\u00f6p presentkort  Glow            <\/h3>\r\n            <div class=\"pk-price-wrap\">\r\n                <span class=\"pk-price\">kr3,000 <\/span>\r\n                            <\/div>\r\n            <div class=\"pk-description\">\r\n                Ge bort sk\u00f6nhetsbehandling till n\u00e5gon du tycker om, den som fyller \u00e5r eller till dig och din partner n\u00e4r ni beh\u00f6ver egen relax tid.            <\/div>\r\n            <div class=\"pk-payment-method\">\r\n            <\/div>\r\n            <div class=\"pk-button-purchase\">\r\n                <a href=\"#\" class=\"fat-sb-select-package fat-bt\" data-onClick=\"FatSbPricePackageOrderFE.selectPackage\" data-pk-id=\"6\">\r\n                    V\u00e4lj                <\/a>\r\n                <a href=\"#\" class=\"fat-sb-payment-submit fat-bt\" data-onClick=\"FatSbPricePackageOrderFE.submitPayment\" data-pk-id=\"6\">\r\n                    Purchase                <\/a>\r\n            <\/div>\r\n        <\/div>\r\n    <\/div>\r\n<\/p>\n","protected":false},"excerpt":{"rendered":"<p>Lorem ipsum dolor sit amet, consectetur adipiscing elit. Ut elit tellus, luctus nec ullamcorper mattis, pulvinar dapibus leo. &nbsp;<\/p>\n","protected":false},"author":2,"featured_media":0,"parent":0,"menu_order":0,"comment_status":"closed","ping_status":"closed","template":"","meta":{"footnotes":""},"class_list":["post-2728","page","type-page","status-publish","hentry"],"_links":{"self":[{"href":"https:\/\/cnss.se\/clinic4Life\/wp-json\/wp\/v2\/pages\/2728","targetHints":{"allow":["GET"]}}],"collection":[{"href":"https:\/\/cnss.se\/clinic4Life\/wp-json\/wp\/v2\/pages"}],"about":[{"href":"https:\/\/cnss.se\/clinic4Life\/wp-json\/wp\/v2\/types\/page"}],"author":[{"embeddable":true,"href":"https:\/\/cnss.se\/clinic4Life\/wp-json\/wp\/v2\/users\/2"}],"replies":[{"embeddable":true,"href":"https:\/\/cnss.se\/clinic4Life\/wp-json\/wp\/v2\/comments?post=2728"}],"version-history":[{"count":17,"href":"https:\/\/cnss.se\/clinic4Life\/wp-json\/wp\/v2\/pages\/2728\/revisions"}],"predecessor-version":[{"id":2794,"href":"https:\/\/cnss.se\/clinic4Life\/wp-json\/wp\/v2\/pages\/2728\/revisions\/2794"}],"wp:attachment":[{"href":"https:\/\/cnss.se\/clinic4Life\/wp-json\/wp\/v2\/media?parent=2728"}],"curies":[{"name":"wp","href":"https:\/\/api.w.org\/{rel}","templated":true}]}}